{"id":988241,"date":"2024-08-13T19:15:47","date_gmt":"2024-08-13T19:15:47","guid":{"rendered":"https:\/\/test.wiliewijn.nl\/?post_type=product&#038;p=988241"},"modified":"2024-08-13T19:19:09","modified_gmt":"2024-08-13T19:19:09","slug":"encanteri","status":"publish","type":"product","link":"https:\/\/test.wiliewijn.nl\/?product=encanteri","title":{"rendered":"ENCANTERI"},"content":{"rendered":"\t\t<div data-elementor-type=\"product-post\" data-elementor-id=\"988241\" class=\"elementor elementor-988241\" data-elementor-post-type=\"product\">\n\t\t\t\t\t\t\t\t\t<section class=\"elementor-section elementor-top-section elementor-element elementor-element-291ac02 elementor-section-boxed elementor-section-height-default elementor-section-height-default\" data-id=\"291ac02\" data-element_type=\"section\">\n\t\t\t\t\t\t<div class=\"elementor-container elementor-column-gap-default\">\n\t\t\t\t\t<div class=\"elementor-column elementor-col-100 elementor-top-column elementor-element elementor-element-b960f3f\" data-id=\"b960f3f\" data-element_type=\"column\">\n\t\t\t<div class=\"elementor-widget-wrap elementor-element-populated\">\n\t\t\t\t\t\t\t\t<div class=\"elementor-element elementor-element-1b05cb1 elementor-widget elementor-widget-heading\" data-id=\"1b05cb1\" data-element_type=\"widget\" data-widget_type=\"heading.default\">\n\t\t\t\t<div class=\"elementor-widget-container\">\n\t\t\t<style>\/*! elementor - v3.18.0 - 20-12-2023 *\/\n.elementor-heading-title{padding:0;margin:0;line-height:1}.elementor-widget-heading .elementor-heading-title[class*=elementor-size-]>a{color:inherit;font-size:inherit;line-height:inherit}.elementor-widget-heading .elementor-heading-title.elementor-size-small{font-size:15px}.elementor-widget-heading .elementor-heading-title.elementor-size-medium{font-size:19px}.elementor-widget-heading .elementor-heading-title.elementor-size-large{font-size:29px}.elementor-widget-heading .elementor-heading-title.elementor-size-xl{font-size:39px}.elementor-widget-heading .elementor-heading-title.elementor-size-xxl{font-size:59px}<\/style><h5 class=\"elementor-heading-title elementor-size-default\">Technical<\/h5>\t\t<\/div>\n\t\t\t\t<\/div>\n\t\t\t\t<div class=\"elementor-element elementor-element-b9044c3 elementor-widget elementor-widget-text-editor\" data-id=\"b9044c3\" data-element_type=\"widget\" data-widget_type=\"text-editor.default\">\n\t\t\t\t<div class=\"elementor-widget-container\">\n\t\t\t<style>\/*! elementor - v3.18.0 - 20-12-2023 *\/\n.elementor-widget-text-editor.elementor-drop-cap-view-stacked .elementor-drop-cap{background-color:#69727d;color:#fff}.elementor-widget-text-editor.elementor-drop-cap-view-framed .elementor-drop-cap{color:#69727d;border:3px solid;background-color:transparent}.elementor-widget-text-editor:not(.elementor-drop-cap-view-default) .elementor-drop-cap{margin-top:8px}.elementor-widget-text-editor:not(.elementor-drop-cap-view-default) .elementor-drop-cap-letter{width:1em;height:1em}.elementor-widget-text-editor .elementor-drop-cap{float:left;text-align:center;line-height:1;font-size:50px}.elementor-widget-text-editor .elementor-drop-cap-letter{display:inline-block}<\/style>\t\t\t\t<p><strong>Harvest Date:<\/strong> Sept. 21th \u2013 Sept. 29th 2017&nbsp;<br><strong>Fermentation:<\/strong> 30 Days <br><strong>Aging:<\/strong> 12 months in stainless steel <br><strong>ML:<\/strong> 0% <br><strong>Wine Composition:<\/strong> 100% Merlot <br><strong>Barrels Produced:<\/strong> 1028 cases <br><strong>pH:<\/strong> 3.30 <br><strong>Alcohol:<\/strong> 13.5 <br><strong>Acid:<\/strong> 6.4g\/L<\/p>\t\t\t\t\t\t<\/div>\n\t\t\t\t<\/div>\n\t\t\t\t<div class=\"elementor-element elementor-element-2f2b491 elementor-widget elementor-widget-heading\" data-id=\"2f2b491\" data-element_type=\"widget\" data-widget_type=\"heading.default\">\n\t\t\t\t<div class=\"elementor-widget-container\">\n\t\t\t<h5 class=\"elementor-heading-title elementor-size-default\">Vinification<\/h5>\t\t<\/div>\n\t\t\t\t<\/div>\n\t\t\t\t<div class=\"elementor-element elementor-element-7ab791d elementor-widget elementor-widget-text-editor\" data-id=\"7ab791d\" data-element_type=\"widget\" data-widget_type=\"text-editor.default\">\n\t\t\t\t<div class=\"elementor-widget-container\">\n\t\t\t\t\t\t\t<p>During the fermentation in conical stainless steel tanks, extreme attention was given to an extraction aimed at fresh and fragrant aromas, full colors, and supple, elegant textures and tannins. Once the wine had been run off its skins at the end of the fermentation, it was put through a full malolactic fermentation in oak barrels to fully bring out the finesse and expressiveness of the aromas. The aging process, which lasted approximately 12-14 months, then began and took place in 60 gallon French and Hungarian oak barrels, partly new and partly used once previously.<\/p>\t\t\t\t\t\t<\/div>\n\t\t\t\t<\/div>\n\t\t\t\t<div class=\"elementor-element elementor-element-495ec43 elementor-widget elementor-widget-heading\" data-id=\"495ec43\" data-element_type=\"widget\" data-widget_type=\"heading.default\">\n\t\t\t\t<div class=\"elementor-widget-container\">\n\t\t\t<h5 class=\"elementor-heading-title elementor-size-default\">Awards<\/h5>\t\t<\/div>\n\t\t\t\t<\/div>\n\t\t\t\t<section class=\"elementor-section elementor-inner-section elementor-element elementor-element-5a20bcd elementor-section-boxed elementor-section-height-default elementor-section-height-default\" data-id=\"5a20bcd\" data-element_type=\"section\">\n\t\t\t\t\t\t<div class=\"elementor-container elementor-column-gap-default\">\n\t\t\t\t\t<div class=\"elementor-column elementor-col-33 elementor-inner-column elementor-element elementor-element-748570c\" data-id=\"748570c\" data-element_type=\"column\">\n\t\t\t<div class=\"elementor-widget-wrap elementor-element-populated\">\n\t\t\t\t\t\t\t\t<div class=\"elementor-element elementor-element-526f90f elementor-headline--style-highlight elementor-widget elementor-widget-vamtam-animated-headline\" data-id=\"526f90f\" data-element_type=\"widget\" data-settings=\"{&quot;marker&quot;:&quot;curly&quot;,&quot;highlighted_text&quot;:&quot;92\\\/100&quot;,&quot;headline_style&quot;:&quot;highlight&quot;,&quot;loop&quot;:&quot;yes&quot;,&quot;highlight_animation_duration&quot;:1200,&quot;highlight_iteration_delay&quot;:8000}\" data-widget_type=\"vamtam-animated-headline.default\">\n\t\t\t\t<div class=\"elementor-widget-container\">\n\t\t\t<link rel=\"stylesheet\" href=\"https:\/\/test.wiliewijn.nl\/wp-content\/plugins\/elementor-pro\/assets\/css\/widget-animated-headline.min.css\">\t\t\t\t<h5 class=\"elementor-headline\">\n\t\t\t\t\t\t\t\t\t\t\t\t\t\t\t\t\t\t<span class=\"elementor-headline-plain-text elementor-headline-text-wrapper\">Falstaff\u200b: <br><\/span>\n\t\t\t\t\t\t\t\t\t\t\t\t<span class=\"elementor-headline-dynamic-wrapper elementor-headline-text-wrapper\">\n\t\t\t\t\t\t\t\t\t\t\t\t\t<span class=\"elementor-headline-dynamic-text elementor-headline-text-active\">92\/100<\/span>\n\t\t\t\t\t\t\t\t\t\t\t\t<\/span>\n\t\t\t\t\t\t\t\t\t\t\t\t\t<span class=\"elementor-headline-plain-text elementor-headline-text-wrapper\">Austria<\/span>\n\t\t\t\t\t\t\t\t\t\t\t\t\t\t\t\t<\/h5>\n\t\t\t\t\t\t<\/div>\n\t\t\t\t<\/div>\n\t\t\t\t\t<\/div>\n\t\t<\/div>\n\t\t\t\t<div class=\"elementor-column elementor-col-33 elementor-inner-column elementor-element elementor-element-619ede8\" data-id=\"619ede8\" data-element_type=\"column\">\n\t\t\t<div class=\"elementor-widget-wrap elementor-element-populated\">\n\t\t\t\t\t\t\t\t<div class=\"elementor-element elementor-element-df7b0fd elementor-headline--style-highlight elementor-widget elementor-widget-vamtam-animated-headline\" data-id=\"df7b0fd\" data-element_type=\"widget\" data-settings=\"{&quot;marker&quot;:&quot;curly&quot;,&quot;highlighted_text&quot;:&quot;94\\\/100&quot;,&quot;headline_style&quot;:&quot;highlight&quot;,&quot;loop&quot;:&quot;yes&quot;,&quot;highlight_animation_duration&quot;:1200,&quot;highlight_iteration_delay&quot;:8000}\" data-widget_type=\"vamtam-animated-headline.default\">\n\t\t\t\t<div class=\"elementor-widget-container\">\n\t\t\t\t\t\t\t<h5 class=\"elementor-headline\">\n\t\t\t\t\t\t\t\t\t\t\t\t\t\t\t\t\t\t<span class=\"elementor-headline-plain-text elementor-headline-text-wrapper\">Daniele Cernilli: <br><\/span>\n\t\t\t\t\t\t\t\t\t\t\t\t<span class=\"elementor-headline-dynamic-wrapper elementor-headline-text-wrapper\">\n\t\t\t\t\t\t\t\t\t\t\t\t\t<span class=\"elementor-headline-dynamic-text elementor-headline-text-active\">94\/100<\/span>\n\t\t\t\t\t\t\t\t\t\t\t\t<\/span>\n\t\t\t\t\t\t\t\t\t\t\t\t\t<span class=\"elementor-headline-plain-text elementor-headline-text-wrapper\">Italy<\/span>\n\t\t\t\t\t\t\t\t\t\t\t\t\t\t\t\t<\/h5>\n\t\t\t\t\t\t<\/div>\n\t\t\t\t<\/div>\n\t\t\t\t\t<\/div>\n\t\t<\/div>\n\t\t\t\t<div class=\"elementor-column elementor-col-33 elementor-inner-column elementor-element elementor-element-dd441ec\" data-id=\"dd441ec\" data-element_type=\"column\">\n\t\t\t<div class=\"elementor-widget-wrap elementor-element-populated\">\n\t\t\t\t\t\t\t\t<div class=\"elementor-element elementor-element-695cd6d elementor-headline--style-highlight elementor-widget elementor-widget-vamtam-animated-headline\" data-id=\"695cd6d\" data-element_type=\"widget\" data-settings=\"{&quot;marker&quot;:&quot;curly&quot;,&quot;highlighted_text&quot;:&quot;Tre bicchieri&quot;,&quot;headline_style&quot;:&quot;highlight&quot;,&quot;loop&quot;:&quot;yes&quot;,&quot;highlight_animation_duration&quot;:1200,&quot;highlight_iteration_delay&quot;:8000}\" data-widget_type=\"vamtam-animated-headline.default\">\n\t\t\t\t<div class=\"elementor-widget-container\">\n\t\t\t\t\t\t\t<h5 class=\"elementor-headline\">\n\t\t\t\t\t\t\t\t\t\t\t\t\t\t\t\t\t\t<span class=\"elementor-headline-plain-text elementor-headline-text-wrapper\">Gambero Rosso\u200b: <br><\/span>\n\t\t\t\t\t\t\t\t\t\t\t\t<span class=\"elementor-headline-dynamic-wrapper elementor-headline-text-wrapper\">\n\t\t\t\t\t\t\t\t\t\t\t\t\t<span class=\"elementor-headline-dynamic-text elementor-headline-text-active\">Tre bicchieri<\/span>\n\t\t\t\t\t\t\t\t\t\t\t\t<\/span>\n\t\t\t\t\t\t\t\t\t\t\t\t\t<span class=\"elementor-headline-plain-text elementor-headline-text-wrapper\">Italy<\/span>\n\t\t\t\t\t\t\t\t\t\t\t\t\t\t\t\t<\/h5>\n\t\t\t\t\t\t<\/div>\n\t\t\t\t<\/div>\n\t\t\t\t\t<\/div>\n\t\t<\/div>\n\t\t\t\t\t\t\t<\/div>\n\t\t<\/section>\n\t\t\t\t<section class=\"elementor-section elementor-inner-section elementor-element elementor-element-331d5f0 elementor-section-boxed elementor-section-height-default elementor-section-height-default\" data-id=\"331d5f0\" data-element_type=\"section\">\n\t\t\t\t\t\t<div class=\"elementor-container elementor-column-gap-default\">\n\t\t\t\t\t<div class=\"elementor-column elementor-col-100 elementor-inner-column elementor-element elementor-element-bf06f9c\" data-id=\"bf06f9c\" data-element_type=\"column\">\n\t\t\t<div class=\"elementor-widget-wrap elementor-element-populated\">\n\t\t\t\t\t\t\t\t<div class=\"elementor-element elementor-element-ae97964 elementor-widget__width-initial elementor-widget-mobile__width-initial elementor-fixed elementor-hidden-tablet elementor-hidden-phone elementor-widget elementor-widget-image\" data-id=\"ae97964\" data-element_type=\"widget\" data-settings=\"{&quot;_position&quot;:&quot;fixed&quot;}\" data-widget_type=\"image.default\">\n\t\t\t\t<div class=\"elementor-widget-container\">\n\t\t\t<style>\/*! elementor - v3.18.0 - 20-12-2023 *\/\n.elementor-widget-image{text-align:center}.elementor-widget-image a{display:inline-block}.elementor-widget-image a img[src$=\".svg\"]{width:48px}.elementor-widget-image img{vertical-align:middle;display:inline-block}<\/style>\t\t\t\t<div class=\"elementor-image\">\n\t\t\t\t\t\t\t\t\t\t\t\t\t\t\t\t\t\t\t\t\t<img loading=\"lazy\" decoding=\"async\" width=\"308\" height=\"444\" src=\"https:\/\/i0.wp.com\/test.wiliewijn.nl\/wp-content\/uploads\/2020\/08\/grapes-transparent-2-v2.png?fit=308%2C444&amp;ssl=1\" class=\"attachment-large size-large wp-image-6365\" alt=\"\" srcset=\"https:\/\/i0.wp.com\/test.wiliewijn.nl\/wp-content\/uploads\/2020\/08\/grapes-transparent-2-v2.png?w=308&amp;ssl=1 308w, https:\/\/i0.wp.com\/test.wiliewijn.nl\/wp-content\/uploads\/2020\/08\/grapes-transparent-2-v2.png?resize=208%2C300&amp;ssl=1 208w\" sizes=\"auto, (max-width: 308px) 100vw, 308px\" \/>\t\t\t\t\t\t\t\t\t\t\t\t\t\t\t\t\t\t\t\t\t\t\t\t<\/div>\n\t\t\t\t\t\t<\/div>\n\t\t\t\t<\/div>\n\t\t\t\t\t<\/div>\n\t\t<\/div>\n\t\t\t\t\t\t\t<\/div>\n\t\t<\/section>\n\t\t\t\t\t<\/div>\n\t\t<\/div>\n\t\t\t\t\t\t\t<\/div>\n\t\t<\/section>\n\t\t\t\t\t\t\t<\/div>\n\t\t","protected":false},"excerpt":{"rendered":"<p><strong>ENCANTERI<\/strong><\/p>\n<p>&nbsp;<\/p>\n<p><em>Beklijvend recept<\/em><\/p>\n<p><em>&#8220;Magisch, harmonieus en verleidelijk&#8221;<\/em><\/p>\n<p>&nbsp;<\/p>\n<p>HERKOMST \u2022 D.O. EMPORD\u00c0 \u2022<\/p>\n<p>De druiven die Encanteri voortbrengen, bevinden zich in het magische Albera-massief, waar ze gedijen op de klimatologische en landschappelijke kenmerken van het gebied. Het leisteen terroir en de Tramuntana-wind zorgen voor elegante en opwindende nuances. De harmonie van het landschap geeft de wijn leven en evenwicht.<\/p>\n<p>&nbsp;<\/p>\n<p>VARI\u00cbTEITEN<\/p>\n<p>Cari\u00f1ena, Grenache en Syrah.<\/p>\n<p>&nbsp;<\/p>\n<p>PRODUCTIE EN VEROUDERING<\/p>\n<p>De vari\u00ebteiten worden apart geoogst, op zoek naar het ideale rijpingspunt van elk. Alcoholische gisting vindt plaats in roestvrijstalen vaten, gescheiden per vari\u00ebteit, met langdurige schilfermentaties en gecontroleerde temperatuur. Nadat de drie vari\u00ebteiten zijn geblend, vindt de malolactische gisting plaats, een deel in tanks en het andere deel in nieuwe Franse eiken vaten. Het deel dat in tanks is gefermenteerd, wordt onderworpen aan oxidatieve veroudering met gecontroleerde micro-oxygenatie, en het deel dat in vaten is gefermenteerd, blijft daar drie maanden. Uiteindelijk worden de twee delen samengevoegd en wordt de wijn gebotteld en minimaal twee maanden in de fles gerijpt.<\/p>\n<p>&nbsp;<\/p>\n<p>PROEFNOTITIE<\/p>\n<p>Heldere, briljante violette kleur, met een medium-hoge intensiteit. Het aromatische profiel heeft een fruitige instap van blauwe bes, zwarte bes en kers, vergezeld van kruidige tonen van witte peper, minerale tonen be\u00efnvloed door de leisteen bodem, en tonen van hout, toast en boter. In de mond komen aroma&#8217;s van vanille en geroosterde hazelnoten naar voren. Het heeft een zeer gladde, zijdeachtige en goed afgeronde instap met goed ge\u00efntegreerde zuurgraad. De wijn heeft zeer ronde tannines en een rijke, aangename lange afdronk. Het is een prachtig gebalanceerde wijn die in staat is de meest veeleisende smaakpapillen te verleiden. Een magische wijn die je nooit zult vergeten.<\/p>\n<p>&nbsp;<\/p>\n<p>SERVEREN<\/p>\n<p>Een zeer gastronomische wijn, ideaal om te combineren met allerlei gerechten, zoals rundvlees met wilde paddenstoelen, rijke pasta&#8217;s, in de oven gebakken slakken, eendenborst of trinxat, onder vele anderen &#8211; maar de beste combinatie voor deze wijn is en blijft goed gezelschap. De optimale serveertemperatuur is 15-17\u00baC.<\/p>\n<p>&nbsp;<\/p>\n<p>ANALYTISCHE KENMERKEN<\/p>\n<p>Alcoholgehalte: 14% vol. &#8211; Totale zuurgraad (g\/L H2T): 5,0.<\/p>\n<p>&nbsp;<\/p>\n<p>PRIJZEN<\/p>\n<p>91 punten Gu\u00eda Pe\u00f1\u00edn 2024 (Spanje)<\/p>\n","protected":false},"featured_media":988245,"comment_status":"closed","ping_status":"closed","template":"","meta":[],"product_cat":[74,69,17,73],"product_tag":[],"class_list":{"0":"post-988241","1":"product","2":"type-product","3":"status-publish","4":"has-post-thumbnail","6":"product_cat-carinena","7":"product_cat-grenache","8":"product_cat-rode-wijn","9":"product_cat-syrah","11":"first","12":"instock","13":"shipping-taxable","14":"purchasable","15":"product-type-simple"},"jetpack_sharing_enabled":true,"jetpack-related-posts":[{"id":987926,"url":"https:\/\/test.wiliewijn.nl\/?product=marrec-wit","url_meta":{"origin":988241,"position":0},"title":"MARREC Wit","author":"Wil ie wijn","date":"januari 31, 2024","format":false,"excerpt":"MARREC Wit HERKOMST \u2022 VAN CATALONI\u00cb \u2022 Herkomstbenaming van Cataloni\u00eb. PRODUCTIE Gefermenteerd bij gecontroleerde temperatuur (18\u00b0C). PROEFNOTITIES Aantrekkelijke helder lichtgele kleur. Fruitige aroma's van rijp wit fruit, met een florale achtergrond. Op de tong is het elegant en gestructureerd met een lange en verfrissende nasmaak. SERVEERTIPS Ideaal voor aperitieven. Uitstekend\u2026","rel":"","context":"Soortgelijk bericht","block_context":{"text":"Soortgelijk bericht","link":""},"img":{"alt_text":"","src":"https:\/\/i0.wp.com\/test.wiliewijn.nl\/wp-content\/uploads\/2024\/01\/Marrec-Blanc-website.png?fit=553%2C921&ssl=1&resize=350%2C200","width":350,"height":200,"srcset":"https:\/\/i0.wp.com\/test.wiliewijn.nl\/wp-content\/uploads\/2024\/01\/Marrec-Blanc-website.png?fit=553%2C921&ssl=1&resize=350%2C200 1x, https:\/\/i0.wp.com\/test.wiliewijn.nl\/wp-content\/uploads\/2024\/01\/Marrec-Blanc-website.png?fit=553%2C921&ssl=1&resize=525%2C300 1.5x"},"classes":[]},{"id":988143,"url":"https:\/\/test.wiliewijn.nl\/?product=marrec-rose","url_meta":{"origin":988241,"position":1},"title":"MARREC Ros\u00e9","author":"Marielle Wil Wijn","date":"augustus 13, 2024","format":false,"excerpt":"MARREC Ros\u00e9 HERKOMST \u2022 DO CATALUNYA \u2022 Herkomstaanduiding van Cataloni\u00eb. PRODUCTIE Gefermenteerd bij gecontroleerde temperatuur (18\u00b0C). Maceratie tussen 3 en 6 uur. PROEFNOTITIES Mooie ros\u00e9kleur. Fruitige aroma's van aardbei met fijne nuances van framboos en perzik. Op het gehemelte is het fris en in balans met een aangename en delicate\u2026","rel":"","context":"Soortgelijk bericht","block_context":{"text":"Soortgelijk bericht","link":""},"img":{"alt_text":"","src":"https:\/\/i0.wp.com\/test.wiliewijn.nl\/wp-content\/uploads\/2024\/08\/Marrec-Rosat-website.png?fit=553%2C921&ssl=1&resize=350%2C200","width":350,"height":200,"srcset":"https:\/\/i0.wp.com\/test.wiliewijn.nl\/wp-content\/uploads\/2024\/08\/Marrec-Rosat-website.png?fit=553%2C921&ssl=1&resize=350%2C200 1x, https:\/\/i0.wp.com\/test.wiliewijn.nl\/wp-content\/uploads\/2024\/08\/Marrec-Rosat-website.png?fit=553%2C921&ssl=1&resize=525%2C300 1.5x"},"classes":[]},{"id":988146,"url":"https:\/\/test.wiliewijn.nl\/?product=marrec-rood","url_meta":{"origin":988241,"position":2},"title":"MARREC Rood","author":"Marielle Wil Wijn","date":"augustus 13, 2024","format":false,"excerpt":"MARREC Rood HERKOMST \u2022 DO CATALUNYA \u2022 Herkomstaanduiding Catalunya. PRODUCTIE Gefermenteerd bij een gecontroleerde temperatuur van 25\u00b0C. Maceratie gedurende 15 dagen. PROEFNOTITIES Aantrekkelijke, intense en heldere violette kleur. Met een mediterraan karakter verleidt deze wijn met zijn intense aroma van rood fruit, gecombineerd met een elegante symfonie van kruidige aroma's.\u2026","rel":"","context":"Soortgelijk bericht","block_context":{"text":"Soortgelijk bericht","link":""},"img":{"alt_text":"","src":"https:\/\/i0.wp.com\/test.wiliewijn.nl\/wp-content\/uploads\/2024\/08\/Marrec-Negre-website.png?fit=553%2C921&ssl=1&resize=350%2C200","width":350,"height":200,"srcset":"https:\/\/i0.wp.com\/test.wiliewijn.nl\/wp-content\/uploads\/2024\/08\/Marrec-Negre-website.png?fit=553%2C921&ssl=1&resize=350%2C200 1x, https:\/\/i0.wp.com\/test.wiliewijn.nl\/wp-content\/uploads\/2024\/08\/Marrec-Negre-website.png?fit=553%2C921&ssl=1&resize=525%2C300 1.5x"},"classes":[]},{"id":988266,"url":"https:\/\/test.wiliewijn.nl\/?product=cava-gran-rigau-brut-nature-reserva","url_meta":{"origin":988241,"position":3},"title":"CAVA Gran Rigau Brut Nature Reserva","author":"Marielle Wil Wijn","date":"augustus 13, 2024","format":false,"excerpt":"Cava Gran Rigau Brut Nature Reserva Time to Gran Rigau. \"Regelmatig, krachtig, intens\" DRUIVENRASSEN Macabeo, Xarel\u00b7lo en Parellada. PRODUCTIE EN RIJPING Met de traditionele champenoise-methode ondergaat deze Cava een tweede fermentatie in de fles en rijpt daarna 30 maanden in de kelder. PROEFNOTITIES Strogeel van kleur met gouden tinten. De\u2026","rel":"","context":"Soortgelijk bericht","block_context":{"text":"Soortgelijk bericht","link":""},"img":{"alt_text":"","src":"https:\/\/i0.wp.com\/test.wiliewijn.nl\/wp-content\/uploads\/2024\/08\/CAVA-Brut-Nature-Reserva-website.png?fit=518%2C1037&ssl=1&resize=350%2C200","width":350,"height":200},"classes":[]},{"id":988258,"url":"https:\/\/test.wiliewijn.nl\/?product=cava-brut-nature-rose","url_meta":{"origin":988241,"position":4},"title":"CAVA Brut Nature Ros\u00e9","author":"Marielle Wil Wijn","date":"augustus 13, 2024","format":false,"excerpt":"GRAN RIGAU Ros\u00e9 Brut Nature Reserva \u00a0 Temps de Gran Rigau \"Intrigerend, interessant, diep\" \u00a0 HERKOMST Herkomstbenaming Cava. \u00a0 DRUIVENRASSEN Grenache en Pinot Noir. \u00a0 PRODUCTIE EN RIJPING Via de traditionele methode (m\u00e9thode champenoise) vindt een tweede gisting plaats in de fles, gevolgd door een rijping van 30 maanden in\u2026","rel":"","context":"Soortgelijk bericht","block_context":{"text":"Soortgelijk bericht","link":""},"img":{"alt_text":"","src":"https:\/\/i0.wp.com\/test.wiliewijn.nl\/wp-content\/uploads\/2024\/08\/Gran-Rigau-CAVA-Rose-website.png?fit=518%2C1037&ssl=1&resize=350%2C200","width":350,"height":200},"classes":[]},{"id":988153,"url":"https:\/\/test.wiliewijn.nl\/?product=rigau-ros-rose","url_meta":{"origin":988241,"position":5},"title":"RIGAU ROS Ros\u00e9","author":"Marielle Wil Wijn","date":"augustus 13, 2024","format":false,"excerpt":"RIGAU ROS Rosat Flor Empord\u00e0 - Land van kunstenaars \"Vrolijk, smakelijk,verleidelijk\" HERKOMST \u2022 DO EMPORD\u00c0 \u2022 Gelegen in het noordelijke deel van de regio Alt Empord\u00e0, komt Rigau Ros uit de exclusieve wijngaarden van het dorp Capmany. Deze hebben rotsachtige, minerale bodems die gedomineerd worden door granieten zand en stukjes\u2026","rel":"","context":"Soortgelijk bericht","block_context":{"text":"Soortgelijk bericht","link":""},"img":{"alt_text":"","src":"https:\/\/i0.wp.com\/test.wiliewijn.nl\/wp-content\/uploads\/2024\/08\/FOTO-RIGAU-ROS-ROSAT-FLOR-website.png?fit=546%2C905&ssl=1&resize=350%2C200","width":350,"height":200,"srcset":"https:\/\/i0.wp.com\/test.wiliewijn.nl\/wp-content\/uploads\/2024\/08\/FOTO-RIGAU-ROS-ROSAT-FLOR-website.png?fit=546%2C905&ssl=1&resize=350%2C200 1x, https:\/\/i0.wp.com\/test.wiliewijn.nl\/wp-content\/uploads\/2024\/08\/FOTO-RIGAU-ROS-ROSAT-FLOR-website.png?fit=546%2C905&ssl=1&resize=525%2C300 1.5x"},"classes":[]}],"_links":{"self":[{"href":"https:\/\/test.wiliewijn.nl\/index.php?rest_route=\/wp\/v2\/product\/988241","targetHints":{"allow":["GET"]}}],"collection":[{"href":"https:\/\/test.wiliewijn.nl\/index.php?rest_route=\/wp\/v2\/product"}],"about":[{"href":"https:\/\/test.wiliewijn.nl\/index.php?rest_route=\/wp\/v2\/types\/product"}],"replies":[{"embeddable":true,"href":"https:\/\/test.wiliewijn.nl\/index.php?rest_route=%2Fwp%2Fv2%2Fcomments&post=988241"}],"version-history":[{"count":1,"href":"https:\/\/test.wiliewijn.nl\/index.php?rest_route=\/wp\/v2\/product\/988241\/revisions"}],"predecessor-version":[{"id":988246,"href":"https:\/\/test.wiliewijn.nl\/index.php?rest_route=\/wp\/v2\/product\/988241\/revisions\/988246"}],"wp:featuredmedia":[{"embeddable":true,"href":"https:\/\/test.wiliewijn.nl\/index.php?rest_route=\/wp\/v2\/media\/988245"}],"wp:attachment":[{"href":"https:\/\/test.wiliewijn.nl\/index.php?rest_route=%2Fwp%2Fv2%2Fmedia&parent=988241"}],"wp:term":[{"taxonomy":"product_cat","embeddable":true,"href":"https:\/\/test.wiliewijn.nl\/index.php?rest_route=%2Fwp%2Fv2%2Fproduct_cat&post=988241"},{"taxonomy":"product_tag","embeddable":true,"href":"https:\/\/test.wiliewijn.nl\/index.php?rest_route=%2Fwp%2Fv2%2Fproduct_tag&post=988241"}],"curies":[{"name":"wp","href":"https:\/\/api.w.org\/{rel}","templated":true}]}}